{"id":508,"date":"2025-05-01T21:27:09","date_gmt":"2025-05-01T21:27:09","guid":{"rendered":"https:\/\/fabiag.ch\/?page_id=508"},"modified":"2025-05-01T21:49:30","modified_gmt":"2025-05-01T21:49:30","slug":"abbruch","status":"publish","type":"page","link":"https:\/\/fabiag.ch\/?page_id=508","title":{"rendered":"Abbruch"},"content":{"rendered":"\t\t<div data-elementor-type=\"wp-page\" data-elementor-id=\"508\" class=\"elementor elementor-508\" data-elementor-settings=\"[]\">\n\t\t\t\t\t\t<div class=\"elementor-inner\">\n\t\t\t\t\t\t\t<div class=\"elementor-section-wrap\">\n\t\t\t\t\t\t\t<section class=\"elementor-section elementor-top-section elementor-element elementor-element-36e9ce9 elementor-section-full_width elementor-section-height-min-height elementor-section-height-default elementor-section-items-middle\" data-id=\"36e9ce9\" data-element_type=\"section\" data-settings=\"{&quot;background_background&quot;:&quot;slideshow&quot;,&quot;background_slideshow_gallery&quot;:[{&quot;id&quot;:514,&quot;url&quot;:&quot;https:\\\/\\\/fabiag.ch\\\/wp-content\\\/uploads\\\/2025\\\/05\\\/baikang-yuan-UjZgElyDy_g-unsplash-scaled.jpg&quot;}],&quot;background_slideshow_loop&quot;:&quot;yes&quot;,&quot;background_slideshow_slide_duration&quot;:5000,&quot;background_slideshow_slide_transition&quot;:&quot;fade&quot;,&quot;background_slideshow_transition_duration&quot;:500}\">\n\t\t\t\t\t\t\t<div class=\"elementor-background-overlay\"><\/div>\n\t\t\t\t\t\t\t<div class=\"elementor-container elementor-column-gap-default\">\n\t\t\t\t\t\t\t<div class=\"elementor-row\">\n\t\t\t\t\t<div class=\"elementor-column elementor-col-100 elementor-top-column elementor-element elementor-element-62b764f\" data-id=\"62b764f\" data-element_type=\"column\">\n\t\t\t<div class=\"elementor-column-wrap elementor-element-populated\">\n\t\t\t\t\t\t\t<div class=\"elementor-widget-wrap\">\n\t\t\t\t\t\t<div class=\"elementor-element elementor-element-5972e6a elementor-widget elementor-widget-heading\" data-id=\"5972e6a\" data-element_type=\"widget\" data-widget_type=\"heading.default\">\n\t\t\t\t<div class=\"elementor-widget-container\">\n\t\t\t<h1 class=\"elementor-heading-title elementor-size-xxl\">ABBRUCH<\/h1>\t\t<\/div>\n\t\t\t\t<\/div>\n\t\t\t\t\t\t<\/div>\n\t\t\t\t\t<\/div>\n\t\t<\/div>\n\t\t\t\t\t\t\t\t<\/div>\n\t\t\t\t\t<\/div>\n\t\t<\/section>\n\t\t\t\t<section class=\"elementor-section elementor-top-section elementor-element elementor-element-d3875c0 elementor-section-boxed elementor-section-height-default elementor-section-height-default\" data-id=\"d3875c0\" data-element_type=\"section\">\n\t\t\t\t\t\t<div class=\"elementor-container elementor-column-gap-default\">\n\t\t\t\t\t\t\t<div class=\"elementor-row\">\n\t\t\t\t\t<div class=\"elementor-column elementor-col-100 elementor-top-column elementor-element elementor-element-2758fc7\" data-id=\"2758fc7\" data-element_type=\"column\">\n\t\t\t<div class=\"elementor-column-wrap elementor-element-populated\">\n\t\t\t\t\t\t\t<div class=\"elementor-widget-wrap\">\n\t\t\t\t\t\t<div class=\"elementor-element elementor-element-6ca6353 elementor-widget elementor-widget-heading\" data-id=\"6ca6353\" data-element_type=\"widget\" data-widget_type=\"heading.default\">\n\t\t\t\t<div class=\"elementor-widget-container\">\n\t\t\t<h2 class=\"elementor-heading-title elementor-size-default\">Abbrucharbeiten \u2013 Sicher, Effizient und Pr\u00e4zise<\/h2>\t\t<\/div>\n\t\t\t\t<\/div>\n\t\t\t\t<div class=\"elementor-element elementor-element-d477566 elementor-widget elementor-widget-text-editor\" data-id=\"d477566\" data-element_type=\"widget\" data-widget_type=\"text-editor.default\">\n\t\t\t\t<div class=\"elementor-widget-container\">\n\t\t\t\t\t<div class=\"elementor-text-editor elementor-clearfix\"><p class=\"\" data-start=\"173\" data-end=\"435\">Wir sind Ihr zuverl\u00e4ssiger Partner f\u00fcr professionelle <strong data-start=\"227\" data-end=\"246\">Abbrucharbeiten<\/strong> in der ganzen Schweiz. Ob vollst\u00e4ndiger Geb\u00e4udeabbruch oder der gezielte R\u00fcckbau einzelner Bauteile \u2013 wir f\u00fchren jedes Projekt mit Pr\u00e4zision, Sicherheit und R\u00fccksicht auf die Umwelt durch.<\/p><p class=\"\" data-start=\"437\" data-end=\"467\"><strong data-start=\"437\" data-end=\"467\">Unsere Abbruch-Leistungen:<\/strong><\/p><ul data-start=\"468\" data-end=\"794\"><li class=\"\" data-start=\"468\" data-end=\"535\"><p class=\"\" data-start=\"470\" data-end=\"535\">Vollst\u00e4ndiger Abbruch von Wohn-, Gewerbe- und Industriegeb\u00e4uden<\/p><\/li><li class=\"\" data-start=\"536\" data-end=\"587\"><p class=\"\" data-start=\"538\" data-end=\"587\">Teilabbr\u00fcche (W\u00e4nde, Decken, tragende Elemente)<\/p><\/li><li class=\"\" data-start=\"588\" data-end=\"635\"><p class=\"\" data-start=\"590\" data-end=\"635\">Abbruch von Beton- und Mauerwerksstrukturen<\/p><\/li><li class=\"\" data-start=\"636\" data-end=\"689\"><p class=\"\" data-start=\"638\" data-end=\"689\">Kontrollierter R\u00fcckbau und strukturierter Abbruch<\/p><\/li><li class=\"\" data-start=\"690\" data-end=\"752\"><p class=\"\" data-start=\"692\" data-end=\"752\">Vor-Ort-Trennung und fachgerechte Entsorgung des Materials<\/p><\/li><li class=\"\" data-start=\"753\" data-end=\"794\"><p class=\"\" data-start=\"755\" data-end=\"794\">Vorbereitung des Gel\u00e4ndes f\u00fcr Neubauten<\/p><\/li><\/ul><p class=\"\" data-start=\"796\" data-end=\"1077\"><strong data-start=\"796\" data-end=\"832\">Sicherer Abbruch beginnt bei uns<\/strong><br data-start=\"832\" data-end=\"835\" \/>Abbruch bedeutet mehr als nur Abriss \u2013 es erfordert sorgf\u00e4ltige Planung, Risikobewertung und fachgerechte Umsetzung. Unser erfahrenes Team arbeitet mit modernstem Ger\u00e4t und unter Einhaltung aller Schweizer Sicherheits- und Umweltvorschriften.<\/p><\/div>\n\t\t\t\t<\/div>\n\t\t\t\t<\/div>\n\t\t\t\t\t\t<\/div>\n\t\t\t\t\t<\/div>\n\t\t<\/div>\n\t\t\t\t\t\t\t\t<\/div>\n\t\t\t\t\t<\/div>\n\t\t<\/section>\n\t\t\t\t<section class=\"elementor-section elementor-top-section elementor-element elementor-element-4394a35 elementor-section-boxed elementor-section-height-default elementor-section-height-default\" data-id=\"4394a35\" data-element_type=\"section\">\n\t\t\t\t\t\t<div class=\"elementor-container elementor-column-gap-default\">\n\t\t\t\t\t\t\t<div class=\"elementor-row\">\n\t\t\t\t\t<div class=\"elementor-column elementor-col-100 elementor-top-column elementor-element elementor-element-07186c3\" data-id=\"07186c3\" data-element_type=\"column\">\n\t\t\t<div class=\"elementor-column-wrap elementor-element-populated\">\n\t\t\t\t\t\t\t<div class=\"elementor-widget-wrap\">\n\t\t\t\t\t\t<div class=\"elementor-element elementor-element-4b5b181 elementor-arrows-position-inside elementor-pagination-position-outside elementor-widget elementor-widget-image-carousel\" data-id=\"4b5b181\" data-element_type=\"widget\" data-settings=\"{&quot;slides_to_show&quot;:&quot;2&quot;,&quot;navigation&quot;:&quot;both&quot;,&quot;autoplay&quot;:&quot;yes&quot;,&quot;pause_on_hover&quot;:&quot;yes&quot;,&quot;pause_on_interaction&quot;:&quot;yes&quot;,&quot;autoplay_speed&quot;:5000,&quot;infinite&quot;:&quot;yes&quot;,&quot;speed&quot;:500,&quot;image_spacing_custom&quot;:{&quot;unit&quot;:&quot;px&quot;,&quot;size&quot;:20,&quot;sizes&quot;:[]}}\" data-widget_type=\"image-carousel.default\">\n\t\t\t\t<div class=\"elementor-widget-container\">\n\t\t\t\t\t<div class=\"elementor-image-carousel-wrapper swiper-container\" dir=\"ltr\">\n\t\t\t<div class=\"elementor-image-carousel swiper-wrapper\">\n\t\t\t\t<div class=\"swiper-slide\"><figure class=\"swiper-slide-inner\"><img decoding=\"async\" class=\"swiper-slide-image\" src=\"https:\/\/fabiag.ch\/wp-content\/uploads\/2025\/05\/milivoj-kuhar-Te48TPzdcU8-unsplash-scaled.jpg\" alt=\"milivoj-kuhar-Te48TPzdcU8-unsplash\" \/><\/figure><\/div><div class=\"swiper-slide\"><figure class=\"swiper-slide-inner\"><img decoding=\"async\" class=\"swiper-slide-image\" src=\"https:\/\/fabiag.ch\/wp-content\/uploads\/2025\/05\/stefan-lehner-biRt6RXejuk-unsplash-scaled.jpg\" alt=\"stefan-lehner-biRt6RXejuk-unsplash\" \/><\/figure><\/div><div class=\"swiper-slide\"><figure class=\"swiper-slide-inner\"><img decoding=\"async\" class=\"swiper-slide-image\" src=\"https:\/\/fabiag.ch\/wp-content\/uploads\/2025\/05\/nolan-issac-K5sjajgbTFw-unsplash-scaled.jpg\" alt=\"nolan-issac-K5sjajgbTFw-unsplash\" \/><\/figure><\/div>\t\t\t<\/div>\n\t\t\t\t\t\t\t\t\t\t\t\t<div class=\"swiper-pagination\"><\/div>\n\t\t\t\t\t\t\t\t\t\t\t\t\t<div class=\"elementor-swiper-button elementor-swiper-button-prev\">\n\t\t\t\t\t\t<i class=\"eicon-chevron-left\" aria-hidden=\"true\"><\/i>\n\t\t\t\t\t\t<span class=\"elementor-screen-only\">Previous<\/span>\n\t\t\t\t\t<\/div>\n\t\t\t\t\t<div class=\"elementor-swiper-button elementor-swiper-button-next\">\n\t\t\t\t\t\t<i class=\"eicon-chevron-right\" aria-hidden=\"true\"><\/i>\n\t\t\t\t\t\t<span class=\"elementor-screen-only\">Next<\/span>\n\t\t\t\t\t<\/div>\n\t\t\t\t\t\t\t\t\t<\/div>\n\t\t\t\t<\/div>\n\t\t\t\t<\/div>\n\t\t\t\t\t\t<\/div>\n\t\t\t\t\t<\/div>\n\t\t<\/div>\n\t\t\t\t\t\t\t\t<\/div>\n\t\t\t\t\t<\/div>\n\t\t<\/section>\n\t\t\t\t\t\t<\/div>\n\t\t\t\t\t\t<\/div>\n\t\t\t\t\t<\/div>\n\t\t","protected":false},"excerpt":{"rendered":"<p>ABBRUCH Abbrucharbeiten \u2013 Sicher, Effizient und Pr\u00e4zise Wir sind Ihr zuverl\u00e4ssiger Partner f\u00fcr professionelle Abbrucharbeiten in der ganzen Schweiz. Ob [&hellip;]<\/p>\n","protected":false},"author":1,"featured_media":0,"parent":0,"menu_order":0,"comment_status":"closed","ping_status":"closed","template":"","meta":{"site-sidebar-layout":"no-sidebar","site-content-layout":"","ast-site-content-layout":"full-width-container","site-content-style":"default","site-sidebar-style":"default","ast-global-header-display":"","ast-banner-title-visibility":"","ast-main-header-display":"","ast-hfb-above-header-display":"","ast-hfb-below-header-display":"","ast-hfb-mobile-header-display":"","site-post-title":"disabled","ast-breadcrumbs-content":"","ast-featured-img":"disabled","footer-sml-layout":"","theme-transparent-header-meta":"","adv-header-id-meta":"","stick-header-meta":"","header-above-stick-meta":"","header-main-stick-meta":"","header-below-stick-meta":"","astra-migrate-meta-layouts":"default","ast-page-background-enabled":"default","ast-page-background-meta":{"desktop":{"background-color":"var(--ast-global-color-5)","background-image":"","background-repeat":"repeat","background-position":"center center","background-size":"auto","background-attachment":"scroll","background-type":"","background-media":"","overlay-type":"","overlay-color":"","overlay-opacity":"","overlay-gradient":""},"tablet":{"background-color":"","background-image":"","background-repeat":"repeat","background-position":"center center","background-size":"auto","background-attachment":"scroll","background-type":"","background-media":"","overlay-type":"","overlay-color":"","overlay-opacity":"","overlay-gradient":""},"mobile":{"background-color":"","background-image":"","background-repeat":"repeat","background-position":"center center","background-size":"auto","background-attachment":"scroll","background-type":"","background-media":"","overlay-type":"","overlay-color":"","overlay-opacity":"","overlay-gradient":""}},"ast-content-background-meta":{"desktop":{"background-color":"var(--ast-global-color-4)","background-image":"","background-repeat":"repeat","background-position":"center center","background-size":"auto","background-attachment":"scroll","background-type":"","background-media":"","overlay-type":"","overlay-color":"","overlay-opacity":"","overlay-gradient":""},"tablet":{"background-color":"var(--ast-global-color-4)","background-image":"","background-repeat":"repeat","background-position":"center center","background-size":"auto","background-attachment":"scroll","background-type":"","background-media":"","overlay-type":"","overlay-color":"","overlay-opacity":"","overlay-gradient":""},"mobile":{"background-color":"var(--ast-global-color-4)","background-image":"","background-repeat":"repeat","background-position":"center center","background-size":"auto","background-attachment":"scroll","background-type":"","background-media":"","overlay-type":"","overlay-color":"","overlay-opacity":"","overlay-gradient":""}},"footnotes":""},"class_list":["post-508","page","type-page","status-publish","hentry"],"yoast_head":"<!-- This site is optimized with the Yoast SEO plugin v22.0 - https:\/\/yoast.com\/wordpress\/plugins\/seo\/ -->\n<title>Abbruch -<\/title>\n<meta name=\"robots\" content=\"index, follow, max-snippet:-1, max-image-preview:large, max-video-preview:-1\" \/>\n<link rel=\"canonical\" href=\"https:\/\/fabiag.ch\/?page_id=508\" \/>\n<meta property=\"og:locale\" content=\"de_DE\" \/>\n<meta property=\"og:type\" content=\"article\" \/>\n<meta property=\"og:title\" content=\"Abbruch -\" \/>\n<meta property=\"og:description\" content=\"ABBRUCH Abbrucharbeiten \u2013 Sicher, Effizient und Pr\u00e4zise Wir sind Ihr zuverl\u00e4ssiger Partner f\u00fcr professionelle Abbrucharbeiten in der ganzen Schweiz. Ob [&hellip;]\" \/>\n<meta property=\"og:url\" content=\"https:\/\/fabiag.ch\/?page_id=508\" \/>\n<meta property=\"article:modified_time\" content=\"2025-05-01T21:49:30+00:00\" \/>\n<meta property=\"og:image\" content=\"https:\/\/fabiag.ch\/wp-content\/uploads\/2025\/05\/milivoj-kuhar-Te48TPzdcU8-unsplash-scaled.jpg\" \/>\n<meta name=\"twitter:card\" content=\"summary_large_image\" \/>\n<meta name=\"twitter:label1\" content=\"Gesch\u00e4tzte Lesezeit\" \/>\n\t<meta name=\"twitter:data1\" content=\"2\u00a0Minuten\" \/>\n<script type=\"application\/ld+json\" class=\"yoast-schema-graph\">{\"@context\":\"https:\/\/schema.org\",\"@graph\":[{\"@type\":\"WebPage\",\"@id\":\"https:\/\/fabiag.ch\/?page_id=508\",\"url\":\"https:\/\/fabiag.ch\/?page_id=508\",\"name\":\"Abbruch -\",\"isPartOf\":{\"@id\":\"https:\/\/fabiag.ch\/#website\"},\"datePublished\":\"2025-05-01T21:27:09+00:00\",\"dateModified\":\"2025-05-01T21:49:30+00:00\",\"breadcrumb\":{\"@id\":\"https:\/\/fabiag.ch\/?page_id=508#breadcrumb\"},\"inLanguage\":\"de-CH\",\"potentialAction\":[{\"@type\":\"ReadAction\",\"target\":[\"https:\/\/fabiag.ch\/?page_id=508\"]}]},{\"@type\":\"BreadcrumbList\",\"@id\":\"https:\/\/fabiag.ch\/?page_id=508#breadcrumb\",\"itemListElement\":[{\"@type\":\"ListItem\",\"position\":1,\"name\":\"Home\",\"item\":\"https:\/\/fabiag.ch\/\"},{\"@type\":\"ListItem\",\"position\":2,\"name\":\"Abbruch\"}]},{\"@type\":\"WebSite\",\"@id\":\"https:\/\/fabiag.ch\/#website\",\"url\":\"https:\/\/fabiag.ch\/\",\"name\":\"\",\"description\":\"Just another WordPress site\",\"potentialAction\":[{\"@type\":\"SearchAction\",\"target\":{\"@type\":\"EntryPoint\",\"urlTemplate\":\"https:\/\/fabiag.ch\/?s={search_term_string}\"},\"query-input\":\"required name=search_term_string\"}],\"inLanguage\":\"de-CH\"}]}<\/script>\n<!-- \/ Yoast SEO plugin. -->","yoast_head_json":{"title":"Abbruch -","robots":{"index":"index","follow":"follow","max-snippet":"max-snippet:-1","max-image-preview":"max-image-preview:large","max-video-preview":"max-video-preview:-1"},"canonical":"https:\/\/fabiag.ch\/?page_id=508","og_locale":"de_DE","og_type":"article","og_title":"Abbruch -","og_description":"ABBRUCH Abbrucharbeiten \u2013 Sicher, Effizient und Pr\u00e4zise Wir sind Ihr zuverl\u00e4ssiger Partner f\u00fcr professionelle Abbrucharbeiten in der ganzen Schweiz. Ob [&hellip;]","og_url":"https:\/\/fabiag.ch\/?page_id=508","article_modified_time":"2025-05-01T21:49:30+00:00","og_image":[{"url":"https:\/\/fabiag.ch\/wp-content\/uploads\/2025\/05\/milivoj-kuhar-Te48TPzdcU8-unsplash-scaled.jpg"}],"twitter_card":"summary_large_image","twitter_misc":{"Gesch\u00e4tzte Lesezeit":"2\u00a0Minuten"},"schema":{"@context":"https:\/\/schema.org","@graph":[{"@type":"WebPage","@id":"https:\/\/fabiag.ch\/?page_id=508","url":"https:\/\/fabiag.ch\/?page_id=508","name":"Abbruch -","isPartOf":{"@id":"https:\/\/fabiag.ch\/#website"},"datePublished":"2025-05-01T21:27:09+00:00","dateModified":"2025-05-01T21:49:30+00:00","breadcrumb":{"@id":"https:\/\/fabiag.ch\/?page_id=508#breadcrumb"},"inLanguage":"de-CH","potentialAction":[{"@type":"ReadAction","target":["https:\/\/fabiag.ch\/?page_id=508"]}]},{"@type":"BreadcrumbList","@id":"https:\/\/fabiag.ch\/?page_id=508#breadcrumb","itemListElement":[{"@type":"ListItem","position":1,"name":"Home","item":"https:\/\/fabiag.ch\/"},{"@type":"ListItem","position":2,"name":"Abbruch"}]},{"@type":"WebSite","@id":"https:\/\/fabiag.ch\/#website","url":"https:\/\/fabiag.ch\/","name":"","description":"Just another WordPress site","potentialAction":[{"@type":"SearchAction","target":{"@type":"EntryPoint","urlTemplate":"https:\/\/fabiag.ch\/?s={search_term_string}"},"query-input":"required name=search_term_string"}],"inLanguage":"de-CH"}]}},"_links":{"self":[{"href":"https:\/\/fabiag.ch\/index.php?rest_route=\/wp\/v2\/pages\/508","targetHints":{"allow":["GET"]}}],"collection":[{"href":"https:\/\/fabiag.ch\/index.php?rest_route=\/wp\/v2\/pages"}],"about":[{"href":"https:\/\/fabiag.ch\/index.php?rest_route=\/wp\/v2\/types\/page"}],"author":[{"embeddable":true,"href":"https:\/\/fabiag.ch\/index.php?rest_route=\/wp\/v2\/users\/1"}],"replies":[{"embeddable":true,"href":"https:\/\/fabiag.ch\/index.php?rest_route=%2Fwp%2Fv2%2Fcomments&post=508"}],"version-history":[{"count":10,"href":"https:\/\/fabiag.ch\/index.php?rest_route=\/wp\/v2\/pages\/508\/revisions"}],"predecessor-version":[{"id":532,"href":"https:\/\/fabiag.ch\/index.php?rest_route=\/wp\/v2\/pages\/508\/revisions\/532"}],"wp:attachment":[{"href":"https:\/\/fabiag.ch\/index.php?rest_route=%2Fwp%2Fv2%2Fmedia&parent=508"}],"curies":[{"name":"wp","href":"https:\/\/api.w.org\/{rel}","templated":true}]}}